{"id":1604,"date":"2022-10-01T18:10:38","date_gmt":"2022-10-01T18:10:38","guid":{"rendered":"https:\/\/terangaglobaltours.com\/?page_id=1604"},"modified":"2022-10-02T06:33:33","modified_gmt":"2022-10-02T06:33:33","slug":"excursion-1-2-journee-1-journee-iles-du-saloum","status":"publish","type":"page","link":"https:\/\/terangaglobaltours.com\/index.php\/excursion-1-2-journee-1-journee-iles-du-saloum\/","title":{"rendered":"EXCURSION 1\/2 JOURNEE\/1 JOURNEE : ILES DU SALOUM"},"content":{"rendered":"\t\t<div data-elementor-type=\"wp-page\" data-elementor-id=\"1604\" class=\"elementor elementor-1604\">\n\t\t\t\t\t\t<section class=\"elementor-section elementor-top-section elementor-element elementor-element-295d9482 elementor-section-height-min-height elementor-section-boxed elementor-section-height-default elementor-section-items-middle\" data-id=\"295d9482\" data-element_type=\"section\" data-e-type=\"section\" data-settings=\"{&quot;background_background&quot;:&quot;classic&quot;,&quot;shape_divider_bottom&quot;:&quot;opacity-tilt&quot;}\">\n\t\t\t\t\t\t\t<div class=\"elementor-background-overlay\"><\/div>\n\t\t\t\t\t\t<div class=\"elementor-shape elementor-shape-bottom\" aria-hidden=\"true\" data-negative=\"false\">\n\t\t\t<svg xmlns=\"http:\/\/www.w3.org\/2000\/svg\" viewBox=\"0 0 2600 131.1\" preserveAspectRatio=\"none\">\n\t<path class=\"elementor-shape-fill\" d=\"M0 0L2600 0 2600 69.1 0 0z\"\/>\n\t<path class=\"elementor-shape-fill\" style=\"opacity:0.5\" d=\"M0 0L2600 0 2600 69.1 0 69.1z\"\/>\n\t<path class=\"elementor-shape-fill\" style=\"opacity:0.25\" d=\"M2600 0L0 0 0 130.1 2600 69.1z\"\/>\n<\/svg>\t\t<\/div>\n\t\t\t\t\t<div class=\"elementor-container elementor-column-gap-no\">\n\t\t\t\t\t<div class=\"elementor-column elementor-col-100 elementor-top-column elementor-element elementor-element-60561bb8\" data-id=\"60561bb8\" data-element_type=\"column\" data-e-type=\"column\">\n\t\t\t<div class=\"elementor-widget-wrap elementor-element-populated\">\n\t\t\t\t\t\t<div class=\"elementor-element elementor-element-a4b421e elementor-widget elementor-widget-heading\" data-id=\"a4b421e\" data-element_type=\"widget\" data-e-type=\"widget\" data-widget_type=\"heading.default\">\n\t\t\t\t<div class=\"elementor-widget-container\">\n\t\t\t\t\t<h1 class=\"elementor-heading-title elementor-size-default\">Excursion 1\/2 Journ\u00e9e\/1 Journ\u00e9e : Iles du Saloum<\/h1>\t\t\t\t<\/div>\n\t\t\t\t<\/div>\n\t\t\t\t<div class=\"elementor-element elementor-element-546e97ce elementor-widget-divider--separator-type-pattern elementor-widget-divider--no-spacing elementor-widget-divider--view-line elementor-widget elementor-widget-divider\" data-id=\"546e97ce\" data-element_type=\"widget\" data-e-type=\"widget\" data-widget_type=\"divider.default\">\n\t\t\t\t<div class=\"elementor-widget-container\">\n\t\t\t\t\t\t\t<div class=\"elementor-divider\" style=\"--divider-pattern-url: url(&quot;data:image\/svg+xml,%3Csvg xmlns=&#039;http:\/\/www.w3.org\/2000\/svg&#039; preserveAspectRatio=&#039;xMidYMid meet&#039; overflow=&#039;visible&#039; height=&#039;100%&#039; viewBox=&#039;0 0 126 26&#039; fill=&#039;black&#039; stroke=&#039;none&#039;%3E%3Cpath d=&#039;M10.7,6l2.5,2.6l-4,4.3l4,5.4l-2.5,1.9l-4.5-5.2l-3.9,4.2L0.7,17L4,13.1L0,8.6l2.3-1.3l3.9,3.9L10.7,6z M23.9,6.6l4.2,4.5L32,7.2l2.3,1.3l-4,4.5l3.2,3.9L32,19.1l-3.9-3.3l-4.5,4.3l-2.5-1.9l4.4-5.1l-4.2-3.9L23.9,6.6zM73.5,6L76,8.6l-4,4.3l4,5.4l-2.5,1.9l-4.5-5.2l-3.9,4.2L63.5,17l4.1-4.7L63.5,8l2.3-1.3l4.1,3.6L73.5,6z M94,6l2.5,2.6l-4,4.3l4,5.4L94,20.1l-3.9-5l-3.9,4.2L84,17l3.2-3.9L84,8.6l2.3-1.3l3.2,3.9L94,6z M106.9,6l4.5,5.1l3.9-3.9l2.3,1.3l-4,4.5l3.2,3.9l-1.6,2.1l-3.9-4.2l-4.5,5.2l-2.5-1.9l4-5.4l-4-4.3L106.9,6z M53.1,6l2.5,2.6l-4,4.3l4,4.6l-2.5,1.9l-4.5-4.5l-3.5,4.5L43.1,17l3.2-3.9l-4-4.5l2.3-1.3l3.9,3.9L53.1,6z&#039;\/%3E%3C\/svg%3E&quot;);\">\n\t\t\t<span class=\"elementor-divider-separator\">\n\t\t\t\t\t\t<\/span>\n\t\t<\/div>\n\t\t\t\t\t\t<\/div>\n\t\t\t\t<\/div>\n\t\t\t\t<div class=\"elementor-element elementor-element-145ac177 elementor-widget elementor-widget-spacer\" data-id=\"145ac177\" data-element_type=\"widget\" data-e-type=\"widget\" data-widget_type=\"spacer.default\">\n\t\t\t\t<div class=\"elementor-widget-container\">\n\t\t\t\t\t\t\t<div class=\"elementor-spacer\">\n\t\t\t<div class=\"elementor-spacer-inner\"><\/div>\n\t\t<\/div>\n\t\t\t\t\t\t<\/div>\n\t\t\t\t<\/div>\n\t\t\t\t<div class=\"elementor-element elementor-element-4ee80b81 elementor-widget elementor-widget-spacer\" data-id=\"4ee80b81\" data-element_type=\"widget\" data-e-type=\"widget\" data-widget_type=\"spacer.default\">\n\t\t\t\t<div class=\"elementor-widget-container\">\n\t\t\t\t\t\t\t<div class=\"elementor-spacer\">\n\t\t\t<div class=\"elementor-spacer-inner\"><\/div>\n\t\t<\/div>\n\t\t\t\t\t\t<\/div>\n\t\t\t\t<\/div>\n\t\t\t\t\t<\/div>\n\t\t<\/div>\n\t\t\t\t\t<\/div>\n\t\t<\/section>\n\t\t\t\t<section class=\"elementor-section elementor-top-section elementor-element elementor-element-4d312f91 elementor-section-boxed elementor-section-height-default elementor-section-height-default\" data-id=\"4d312f91\" data-element_type=\"section\" data-e-type=\"section\" data-settings=\"{&quot;background_background&quot;:&quot;classic&quot;}\">\n\t\t\t\t\t\t<div class=\"elementor-container elementor-column-gap-default\">\n\t\t\t\t\t<div class=\"elementor-column elementor-col-100 elementor-top-column elementor-element elementor-element-70fdeef0\" data-id=\"70fdeef0\" data-element_type=\"column\" data-e-type=\"column\">\n\t\t\t<div class=\"elementor-widget-wrap elementor-element-populated\">\n\t\t\t\t\t\t<section class=\"elementor-section elementor-inner-section elementor-element elementor-element-f7aec1a elementor-section-content-middle elementor-section-boxed elementor-section-height-default elementor-section-height-default\" data-id=\"f7aec1a\" data-element_type=\"section\" data-e-type=\"section\" data-settings=\"{&quot;background_background&quot;:&quot;classic&quot;}\">\n\t\t\t\t\t\t<div class=\"elementor-container elementor-column-gap-default\">\n\t\t\t\t\t<div class=\"elementor-column elementor-col-50 elementor-inner-column elementor-element elementor-element-6c27512e\" data-id=\"6c27512e\" data-element_type=\"column\" data-e-type=\"column\">\n\t\t\t<div class=\"elementor-widget-wrap elementor-element-populated\">\n\t\t\t\t\t\t<div class=\"elementor-element elementor-element-5724abec elementor-widget elementor-widget-heading\" data-id=\"5724abec\" data-element_type=\"widget\" data-e-type=\"widget\" data-widget_type=\"heading.default\">\n\t\t\t\t<div class=\"elementor-widget-container\">\n\t\t\t\t\t<h2 class=\"elementor-heading-title elementor-size-default\">Jour 1 : A\u00e9roport- Dakar<\/h2>\t\t\t\t<\/div>\n\t\t\t\t<\/div>\n\t\t\t\t<div class=\"elementor-element elementor-element-416335be elementor-widget elementor-widget-text-editor\" data-id=\"416335be\" data-element_type=\"widget\" data-e-type=\"widget\" data-widget_type=\"text-editor.default\">\n\t\t\t\t<div class=\"elementor-widget-container\">\n\t\t\t\t\t\t\t\t\t<p><span style=\"font-weight: 400;\">Situ\u00e9 \u00e0 80 km \u00e0 l\u2019ouest de Kaolack, le parc national du Delta du Saloum est une r\u00e9serve de la biosph\u00e8re, class\u00e9 Man and Biosph\u00e8re par l\u2019UNESCO en 1981. C\u2018est une zone constitu\u00e9e de mangroves, de lagunes, de for\u00eats et de cordons sableux, travers\u00e9e par les fleuves Sine et Saloum. L\u2019extraordinaire foisonnement de pal\u00e9tuviers \u00e9mergeants \u00e0 la surface s\u2019enchev\u00eatre en de v\u00e9ritables for\u00eats naines.<\/span><\/p><p><span style=\"font-weight: 400;\">La navigation se fait au moyen de pirogues motoris\u00e9es ou non suivant les passages. Vous naviguez au milieu d\u2019une voli\u00e8re naturelle immense o\u00f9 volent, plongent, caquettent, m\u00e9ditent p\u00e9licans, marabouts, aigrettes, aigles p\u00eacheurs, perruches, mouettes, flamants roses, cigognes&#8230;<\/span><\/p>\t\t\t\t\t\t\t\t<\/div>\n\t\t\t\t<\/div>\n\t\t\t\t\t<\/div>\n\t\t<\/div>\n\t\t\t\t<div class=\"elementor-column elementor-col-50 elementor-inner-column elementor-element elementor-element-2deaa4ca\" data-id=\"2deaa4ca\" data-element_type=\"column\" data-e-type=\"column\">\n\t\t\t<div class=\"elementor-widget-wrap elementor-element-populated\">\n\t\t\t\t\t\t<div class=\"elementor-element elementor-element-2cfda3e9 elementor-widget elementor-widget-image\" data-id=\"2cfda3e9\" data-element_type=\"widget\" data-e-type=\"widget\" data-widget_type=\"image.default\">\n\t\t\t\t<div class=\"elementor-widget-container\">\n\t\t\t\t\t\t\t\t\t\t\t\t\t\t\t<img fetchpriority=\"high\" decoding=\"async\" width=\"800\" height=\"600\" src=\"https:\/\/terangaglobaltours.com\/wp-content\/uploads\/2022\/10\/WhatsApp-Image-2022-09-30-at-19.47.15.jpeg\" class=\"attachment-large size-large wp-image-1814\" alt=\"\" srcset=\"https:\/\/terangaglobaltours.com\/wp-content\/uploads\/2022\/10\/WhatsApp-Image-2022-09-30-at-19.47.15.jpeg 800w, https:\/\/terangaglobaltours.com\/wp-content\/uploads\/2022\/10\/WhatsApp-Image-2022-09-30-at-19.47.15-300x225.jpeg 300w, https:\/\/terangaglobaltours.com\/wp-content\/uploads\/2022\/10\/WhatsApp-Image-2022-09-30-at-19.47.15-768x576.jpeg 768w\" sizes=\"(max-width: 800px) 100vw, 800px\" \/>\t\t\t\t\t\t\t\t\t\t\t\t\t\t\t<\/div>\n\t\t\t\t<\/div>\n\t\t\t\t\t<\/div>\n\t\t<\/div>\n\t\t\t\t\t<\/div>\n\t\t<\/section>\n\t\t\t\t<section class=\"elementor-section elementor-inner-section elementor-element elementor-element-24f834e9 elementor-section-content-middle elementor-reverse-mobile elementor-section-boxed elementor-section-height-default elementor-section-height-default\" data-id=\"24f834e9\" data-element_type=\"section\" data-e-type=\"section\" data-settings=\"{&quot;background_background&quot;:&quot;classic&quot;}\">\n\t\t\t\t\t\t<div class=\"elementor-container elementor-column-gap-default\">\n\t\t\t\t\t<div class=\"elementor-column elementor-col-50 elementor-inner-column elementor-element elementor-element-22020338\" data-id=\"22020338\" data-element_type=\"column\" data-e-type=\"column\">\n\t\t\t<div class=\"elementor-widget-wrap elementor-element-populated\">\n\t\t\t\t\t\t<div class=\"elementor-element elementor-element-71ab4d44 elementor-widget elementor-widget-image\" data-id=\"71ab4d44\" data-element_type=\"widget\" data-e-type=\"widget\" data-widget_type=\"image.default\">\n\t\t\t\t<div class=\"elementor-widget-container\">\n\t\t\t\t\t\t\t\t\t\t\t\t\t\t\t<img decoding=\"async\" width=\"800\" height=\"631\" src=\"https:\/\/terangaglobaltours.com\/wp-content\/uploads\/2022\/10\/WhatsApp-Image-2022-09-30-at-19.41.03.jpeg\" class=\"attachment-large size-large wp-image-1812\" alt=\"\" srcset=\"https:\/\/terangaglobaltours.com\/wp-content\/uploads\/2022\/10\/WhatsApp-Image-2022-09-30-at-19.41.03.jpeg 800w, https:\/\/terangaglobaltours.com\/wp-content\/uploads\/2022\/10\/WhatsApp-Image-2022-09-30-at-19.41.03-300x237.jpeg 300w, https:\/\/terangaglobaltours.com\/wp-content\/uploads\/2022\/10\/WhatsApp-Image-2022-09-30-at-19.41.03-768x606.jpeg 768w\" sizes=\"(max-width: 800px) 100vw, 800px\" \/>\t\t\t\t\t\t\t\t\t\t\t\t\t\t\t<\/div>\n\t\t\t\t<\/div>\n\t\t\t\t\t<\/div>\n\t\t<\/div>\n\t\t\t\t<div class=\"elementor-column elementor-col-50 elementor-inner-column elementor-element elementor-element-69ed62c3\" data-id=\"69ed62c3\" data-element_type=\"column\" data-e-type=\"column\">\n\t\t\t<div class=\"elementor-widget-wrap elementor-element-populated\">\n\t\t\t\t\t\t<div class=\"elementor-element elementor-element-551a699d elementor-widget elementor-widget-heading\" data-id=\"551a699d\" data-element_type=\"widget\" data-e-type=\"widget\" data-widget_type=\"heading.default\">\n\t\t\t\t<div class=\"elementor-widget-container\">\n\t\t\t\t\t<h2 class=\"elementor-heading-title elementor-size-default\">Jour 2 : Dakar \u2013Iles du Saloum<\/h2>\t\t\t\t<\/div>\n\t\t\t\t<\/div>\n\t\t\t\t<div class=\"elementor-element elementor-element-38755b95 elementor-widget elementor-widget-text-editor\" data-id=\"38755b95\" data-element_type=\"widget\" data-e-type=\"widget\" data-widget_type=\"text-editor.default\">\n\t\t\t\t<div class=\"elementor-widget-container\">\n\t\t\t\t\t\t\t\t\t<p><span style=\"font-weight: 400;\">Avec ses 52 \u00eeles, sa superficie de 180 000 hectares et sa v\u00e9g\u00e9tation dense, voir enti\u00e8rement le Sine Saloum et son \u00e9cosyst\u00e8me\u00a0n\u00e9cessite beaucoup de temps en pirogue. Notre excursion d&rsquo;une journ\u00e9e vous permettra d&rsquo;avoir un aper\u00e7u du delta et de ses paysages tout en passant un moment agr\u00e9able, vous pourrez y observer ses oiseaux, sa mangrove, d\u00e9couvrir le village traditionnel de Mar Lodj. Nos excursions de plusieurs jours en bivouac permettront quand \u00e0 elles de s&rsquo;enfoncer un peu plus dans cette estuaire pour, par exemple, contempler l&rsquo;arriv\u00e9e des p\u00eacheurs \u00e0 Djifer et sa collection impressionnante de pirogues, faire une randonn\u00e9e dans la mangrove \u00e0 travers des chemins encore inexploit\u00e9s par le tourisme, partir \u00e0 la recherche des phacoch\u00e8res sauvages, traverser des for\u00eats de baobab, rencontrer les artisans de pirogues, etc.<\/span><\/p>\t\t\t\t\t\t\t\t<\/div>\n\t\t\t\t<\/div>\n\t\t\t\t\t<\/div>\n\t\t<\/div>\n\t\t\t\t\t<\/div>\n\t\t<\/section>\n\t\t\t\t<section class=\"elementor-section elementor-inner-section elementor-element elementor-element-7899373c elementor-section-boxed elementor-section-height-default elementor-section-height-default\" data-id=\"7899373c\" data-element_type=\"section\" data-e-type=\"section\" data-settings=\"{&quot;background_background&quot;:&quot;classic&quot;}\">\n\t\t\t\t\t\t<div class=\"elementor-container elementor-column-gap-default\">\n\t\t\t\t\t<div class=\"elementor-column elementor-col-100 elementor-inner-column elementor-element elementor-element-1ea8f98a\" data-id=\"1ea8f98a\" data-element_type=\"column\" data-e-type=\"column\">\n\t\t\t<div class=\"elementor-widget-wrap elementor-element-populated\">\n\t\t\t\t\t\t<div class=\"elementor-element elementor-element-1a9b27a7 elementor-widget elementor-widget-heading\" data-id=\"1a9b27a7\" data-element_type=\"widget\" data-e-type=\"widget\" data-widget_type=\"heading.default\">\n\t\t\t\t<div class=\"elementor-widget-container\">\n\t\t\t\t\t<h2 class=\"elementor-heading-title elementor-size-default\">TARIFS<\/h2>\t\t\t\t<\/div>\n\t\t\t\t<\/div>\n\t\t\t\t<div class=\"elementor-element elementor-element-17ed8b56 elementor-widget elementor-widget-text-editor\" data-id=\"17ed8b56\" data-element_type=\"widget\" data-e-type=\"widget\" data-widget_type=\"text-editor.default\">\n\t\t\t\t<div class=\"elementor-widget-container\">\n\t\t\t\t\t\t\t\t\t<p>Profitez de tarifs pr\u00e9f\u00e9rentiels n\u00e9goci\u00e9s avec nos partenaires.<\/p><p>Pour un devis personnalis\u00e9, des tarifs de groupe ou toute demande particuli\u00e8re, merci de compl\u00e9ter le formulaire ci-dessous:<\/p>\t\t\t\t\t\t\t\t<\/div>\n\t\t\t\t<\/div>\n\t\t\t\t<div class=\"elementor-element elementor-element-4a923ca9 elementor-widget elementor-widget-shortcode\" data-id=\"4a923ca9\" data-element_type=\"widget\" data-e-type=\"widget\" data-widget_type=\"shortcode.default\">\n\t\t\t\t<div class=\"elementor-widget-container\">\n\t\t\t\t\t\t\t<div class=\"elementor-shortcode\">[contact-form-7 id=\"1001\" title=\"CONTACT\"]<\/div>\n\t\t\t\t\t\t<\/div>\n\t\t\t\t<\/div>\n\t\t\t\t\t<\/div>\n\t\t<\/div>\n\t\t\t\t\t<\/div>\n\t\t<\/section>\n\t\t\t\t\t<\/div>\n\t\t<\/div>\n\t\t\t\t\t<\/div>\n\t\t<\/section>\n\t\t\t\t<\/div>\n\t\t","protected":false},"excerpt":{"rendered":"<p>Excursion 1\/2 Journ\u00e9e\/1 Journ\u00e9e : Iles du Saloum Jour 1 : A\u00e9roport- Dakar Situ\u00e9 \u00e0 80 km \u00e0 l\u2019ouest de Kaolack, le parc national du Delta du Saloum est une r\u00e9serve de la biosph\u00e8re, class\u00e9 Man and Biosph\u00e8re par l\u2019UNESCO en 1981. C\u2018est une zone constitu\u00e9e de mangroves, de lagunes, de for\u00eats et de cordons [&hellip;]<\/p>\n","protected":false},"author":1,"featured_media":0,"parent":0,"menu_order":0,"comment_status":"closed","ping_status":"closed","template":"","meta":{"footnotes":""},"class_list":["post-1604","page","type-page","status-publish","hentry","entry"],"_links":{"self":[{"href":"https:\/\/terangaglobaltours.com\/index.php\/wp-json\/wp\/v2\/pages\/1604","targetHints":{"allow":["GET"]}}],"collection":[{"href":"https:\/\/terangaglobaltours.com\/index.php\/wp-json\/wp\/v2\/pages"}],"about":[{"href":"https:\/\/terangaglobaltours.com\/index.php\/wp-json\/wp\/v2\/types\/page"}],"author":[{"embeddable":true,"href":"https:\/\/terangaglobaltours.com\/index.php\/wp-json\/wp\/v2\/users\/1"}],"replies":[{"embeddable":true,"href":"https:\/\/terangaglobaltours.com\/index.php\/wp-json\/wp\/v2\/comments?post=1604"}],"version-history":[{"count":7,"href":"https:\/\/terangaglobaltours.com\/index.php\/wp-json\/wp\/v2\/pages\/1604\/revisions"}],"predecessor-version":[{"id":1817,"href":"https:\/\/terangaglobaltours.com\/index.php\/wp-json\/wp\/v2\/pages\/1604\/revisions\/1817"}],"wp:attachment":[{"href":"https:\/\/terangaglobaltours.com\/index.php\/wp-json\/wp\/v2\/media?parent=1604"}],"curies":[{"name":"wp","href":"https:\/\/api.w.org\/{rel}","templated":true}]}}