{"id":631,"date":"2022-09-14T20:09:00","date_gmt":"2022-09-14T20:09:00","guid":{"rendered":"https:\/\/terangaglobaltours.com\/?page_id=631"},"modified":"2022-10-03T16:43:26","modified_gmt":"2022-10-03T16:43:26","slug":"voyage-daffaire","status":"publish","type":"page","link":"https:\/\/terangaglobaltours.com\/index.php\/voyage-daffaire\/","title":{"rendered":"Voyage d&rsquo;affaire"},"content":{"rendered":"\t\t<div data-elementor-type=\"wp-page\" data-elementor-id=\"631\" class=\"elementor elementor-631\">\n\t\t\t\t\t\t<section class=\"elementor-section elementor-top-section elementor-element elementor-element-3acea947 elementor-section-height-min-height elementor-section-boxed elementor-section-height-default elementor-section-items-middle\" data-id=\"3acea947\" data-element_type=\"section\" data-e-type=\"section\" data-settings=\"{&quot;background_background&quot;:&quot;classic&quot;,&quot;shape_divider_bottom&quot;:&quot;opacity-tilt&quot;}\">\n\t\t\t\t\t\t\t<div class=\"elementor-background-overlay\"><\/div>\n\t\t\t\t\t\t<div class=\"elementor-shape elementor-shape-bottom\" aria-hidden=\"true\" data-negative=\"false\">\n\t\t\t<svg xmlns=\"http:\/\/www.w3.org\/2000\/svg\" viewBox=\"0 0 2600 131.1\" preserveAspectRatio=\"none\">\n\t<path class=\"elementor-shape-fill\" d=\"M0 0L2600 0 2600 69.1 0 0z\"\/>\n\t<path class=\"elementor-shape-fill\" style=\"opacity:0.5\" d=\"M0 0L2600 0 2600 69.1 0 69.1z\"\/>\n\t<path class=\"elementor-shape-fill\" style=\"opacity:0.25\" d=\"M2600 0L0 0 0 130.1 2600 69.1z\"\/>\n<\/svg>\t\t<\/div>\n\t\t\t\t\t<div class=\"elementor-container elementor-column-gap-no\">\n\t\t\t\t\t<div class=\"elementor-column elementor-col-100 elementor-top-column elementor-element elementor-element-70dc94bc\" data-id=\"70dc94bc\" data-element_type=\"column\" data-e-type=\"column\">\n\t\t\t<div class=\"elementor-widget-wrap elementor-element-populated\">\n\t\t\t\t\t\t<div class=\"elementor-element elementor-element-fb344f7 elementor-widget elementor-widget-heading\" data-id=\"fb344f7\" data-element_type=\"widget\" data-e-type=\"widget\" data-widget_type=\"heading.default\">\n\t\t\t\t<div class=\"elementor-widget-container\">\n\t\t\t\t\t<h1 class=\"elementor-heading-title elementor-size-default\">Voyage d'affaires<\/h1>\t\t\t\t<\/div>\n\t\t\t\t<\/div>\n\t\t\t\t<div class=\"elementor-element elementor-element-7ae05c39 elementor-widget-divider--separator-type-pattern elementor-widget-divider--no-spacing elementor-widget-divider--view-line elementor-widget elementor-widget-divider\" data-id=\"7ae05c39\" data-element_type=\"widget\" data-e-type=\"widget\" data-widget_type=\"divider.default\">\n\t\t\t\t<div class=\"elementor-widget-container\">\n\t\t\t\t\t\t\t<div class=\"elementor-divider\" style=\"--divider-pattern-url: url(&quot;data:image\/svg+xml,%3Csvg xmlns=&#039;http:\/\/www.w3.org\/2000\/svg&#039; preserveAspectRatio=&#039;xMidYMid meet&#039; overflow=&#039;visible&#039; height=&#039;100%&#039; viewBox=&#039;0 0 126 26&#039; fill=&#039;black&#039; stroke=&#039;none&#039;%3E%3Cpath d=&#039;M10.7,6l2.5,2.6l-4,4.3l4,5.4l-2.5,1.9l-4.5-5.2l-3.9,4.2L0.7,17L4,13.1L0,8.6l2.3-1.3l3.9,3.9L10.7,6z M23.9,6.6l4.2,4.5L32,7.2l2.3,1.3l-4,4.5l3.2,3.9L32,19.1l-3.9-3.3l-4.5,4.3l-2.5-1.9l4.4-5.1l-4.2-3.9L23.9,6.6zM73.5,6L76,8.6l-4,4.3l4,5.4l-2.5,1.9l-4.5-5.2l-3.9,4.2L63.5,17l4.1-4.7L63.5,8l2.3-1.3l4.1,3.6L73.5,6z M94,6l2.5,2.6l-4,4.3l4,5.4L94,20.1l-3.9-5l-3.9,4.2L84,17l3.2-3.9L84,8.6l2.3-1.3l3.2,3.9L94,6z M106.9,6l4.5,5.1l3.9-3.9l2.3,1.3l-4,4.5l3.2,3.9l-1.6,2.1l-3.9-4.2l-4.5,5.2l-2.5-1.9l4-5.4l-4-4.3L106.9,6z M53.1,6l2.5,2.6l-4,4.3l4,4.6l-2.5,1.9l-4.5-4.5l-3.5,4.5L43.1,17l3.2-3.9l-4-4.5l2.3-1.3l3.9,3.9L53.1,6z&#039;\/%3E%3C\/svg%3E&quot;);\">\n\t\t\t<span class=\"elementor-divider-separator\">\n\t\t\t\t\t\t<\/span>\n\t\t<\/div>\n\t\t\t\t\t\t<\/div>\n\t\t\t\t<\/div>\n\t\t\t\t<div class=\"elementor-element elementor-element-3379503d elementor-widget elementor-widget-spacer\" data-id=\"3379503d\" data-element_type=\"widget\" data-e-type=\"widget\" data-widget_type=\"spacer.default\">\n\t\t\t\t<div class=\"elementor-widget-container\">\n\t\t\t\t\t\t\t<div class=\"elementor-spacer\">\n\t\t\t<div class=\"elementor-spacer-inner\"><\/div>\n\t\t<\/div>\n\t\t\t\t\t\t<\/div>\n\t\t\t\t<\/div>\n\t\t\t\t<div class=\"elementor-element elementor-element-3e23dee6 elementor-widget elementor-widget-spacer\" data-id=\"3e23dee6\" data-element_type=\"widget\" data-e-type=\"widget\" data-widget_type=\"spacer.default\">\n\t\t\t\t<div class=\"elementor-widget-container\">\n\t\t\t\t\t\t\t<div class=\"elementor-spacer\">\n\t\t\t<div class=\"elementor-spacer-inner\"><\/div>\n\t\t<\/div>\n\t\t\t\t\t\t<\/div>\n\t\t\t\t<\/div>\n\t\t\t\t\t<\/div>\n\t\t<\/div>\n\t\t\t\t\t<\/div>\n\t\t<\/section>\n\t\t\t\t<section class=\"elementor-section elementor-top-section elementor-element elementor-element-5722676d elementor-section-content-middle elementor-section-boxed elementor-section-height-default elementor-section-height-default\" data-id=\"5722676d\" data-element_type=\"section\" data-e-type=\"section\">\n\t\t\t\t\t\t<div class=\"elementor-container elementor-column-gap-default\">\n\t\t\t\t\t<div class=\"elementor-column elementor-col-66 elementor-top-column elementor-element elementor-element-3b8b1c80\" data-id=\"3b8b1c80\" data-element_type=\"column\" data-e-type=\"column\">\n\t\t\t<div class=\"elementor-widget-wrap elementor-element-populated\">\n\t\t\t\t\t\t<div class=\"elementor-element elementor-element-94d413d elementor-widget elementor-widget-heading\" data-id=\"94d413d\" data-element_type=\"widget\" data-e-type=\"widget\" data-widget_type=\"heading.default\">\n\t\t\t\t<div class=\"elementor-widget-container\">\n\t\t\t\t\t<h2 class=\"elementor-heading-title elementor-size-default\">7\/7 - 24\/24<\/h2>\t\t\t\t<\/div>\n\t\t\t\t<\/div>\n\t\t\t\t<div class=\"elementor-element elementor-element-ae96d3a elementor-widget elementor-widget-text-editor\" data-id=\"ae96d3a\" data-element_type=\"widget\" data-e-type=\"widget\" data-widget_type=\"text-editor.default\">\n\t\t\t\t<div class=\"elementor-widget-container\">\n\t\t\t\t\t\t\t\t\t<p>Partout, tout le temps, vos collaborateurs pourront toujours joindre nos conseillers de voyages en ligne ou par t\u00e9l\u00e9phone.<\/p><p>Sp\u00e9cialiste du tourisme d\u2019affaires, <strong>T\u00e9ranga Global Tours<\/strong> dispose d\u2019un savoir-faire incontestable dans l&rsquo;organisation de voyage d&rsquo;affaires. Notre \u00e9quipe dynamique s\u2019occupe de la r\u00e9servation de vos vols a\u00e9riens et de vos h\u00f4tels. \u00c0 votre demande, nous pouvons aussi nous charger de vous trouver une voiture de location ou vous aider dans vos d\u00e9marches pour l\u2019obtention de visa.<\/p><p>En tant qu\u2019agence sp\u00e9cialis\u00e9e dans l\u2019organisation de voyages d\u2019affaires, <strong>T\u00e9ranga Global Tours<\/strong> est en mesure de vous pr\u00e9senter les meilleurs tarifs disponibles sur le march\u00e9. Vous avez de ce fait la possibilit\u00e9 de r\u00e9duire les co\u00fbts des d\u00e9placements sans toutefois sacrifier le confort et la s\u00e9curit\u00e9 des voyageurs.<\/p><p>Ainsi, si vous recherchez la solution optimale pour assurer la r\u00e9ussite de vos voyages d\u2019affaires, d\u00e9l\u00e9guez-nous la gestion et l\u2019organisation de vos d\u00e9placements professionnels. Notre r\u00e9activit\u00e9 et notre professionnalisme nous ont valu la confiance de nombreuses entreprises et associations.<\/p>\t\t\t\t\t\t\t\t<\/div>\n\t\t\t\t<\/div>\n\t\t\t\t\t<\/div>\n\t\t<\/div>\n\t\t\t\t<div class=\"elementor-column elementor-col-33 elementor-top-column elementor-element elementor-element-13b60dfa\" data-id=\"13b60dfa\" data-element_type=\"column\" data-e-type=\"column\">\n\t\t\t<div class=\"elementor-widget-wrap elementor-element-populated\">\n\t\t\t\t\t\t<div class=\"elementor-element elementor-element-30bab76f elementor-widget elementor-widget-image\" data-id=\"30bab76f\" data-element_type=\"widget\" data-e-type=\"widget\" data-widget_type=\"image.default\">\n\t\t\t\t<div class=\"elementor-widget-container\">\n\t\t\t\t\t\t\t\t\t\t\t\t\t\t\t<img fetchpriority=\"high\" decoding=\"async\" width=\"334\" height=\"336\" src=\"https:\/\/terangaglobaltours.com\/wp-content\/uploads\/2022\/10\/WhatsApp-Image-2022-10-02-at-16.52.19-e1664750667736.jpeg\" class=\"attachment-full size-full wp-image-1958\" alt=\"\" srcset=\"https:\/\/terangaglobaltours.com\/wp-content\/uploads\/2022\/10\/WhatsApp-Image-2022-10-02-at-16.52.19-e1664750667736.jpeg 334w, https:\/\/terangaglobaltours.com\/wp-content\/uploads\/2022\/10\/WhatsApp-Image-2022-10-02-at-16.52.19-e1664750667736-298x300.jpeg 298w, https:\/\/terangaglobaltours.com\/wp-content\/uploads\/2022\/10\/WhatsApp-Image-2022-10-02-at-16.52.19-e1664750667736-150x150.jpeg 150w\" sizes=\"(max-width: 334px) 100vw, 334px\" \/>\t\t\t\t\t\t\t\t\t\t\t\t\t\t\t<\/div>\n\t\t\t\t<\/div>\n\t\t\t\t\t<\/div>\n\t\t<\/div>\n\t\t\t\t\t<\/div>\n\t\t<\/section>\n\t\t\t\t<\/div>\n\t\t","protected":false},"excerpt":{"rendered":"<p>Voyage d&rsquo;affaires 7\/7 &#8211; 24\/24 Partout, tout le temps, vos collaborateurs pourront toujours joindre nos conseillers de voyages en ligne ou par t\u00e9l\u00e9phone. Sp\u00e9cialiste du tourisme d\u2019affaires, T\u00e9ranga Global Tours dispose d\u2019un savoir-faire incontestable dans l&rsquo;organisation de voyage d&rsquo;affaires. Notre \u00e9quipe dynamique s\u2019occupe de la r\u00e9servation de vos vols a\u00e9riens et de vos h\u00f4tels. \u00c0 [&hellip;]<\/p>\n","protected":false},"author":1,"featured_media":0,"parent":0,"menu_order":0,"comment_status":"closed","ping_status":"closed","template":"","meta":{"footnotes":""},"class_list":["post-631","page","type-page","status-publish","hentry","entry"],"_links":{"self":[{"href":"https:\/\/terangaglobaltours.com\/index.php\/wp-json\/wp\/v2\/pages\/631","targetHints":{"allow":["GET"]}}],"collection":[{"href":"https:\/\/terangaglobaltours.com\/index.php\/wp-json\/wp\/v2\/pages"}],"about":[{"href":"https:\/\/terangaglobaltours.com\/index.php\/wp-json\/wp\/v2\/types\/page"}],"author":[{"embeddable":true,"href":"https:\/\/terangaglobaltours.com\/index.php\/wp-json\/wp\/v2\/users\/1"}],"replies":[{"embeddable":true,"href":"https:\/\/terangaglobaltours.com\/index.php\/wp-json\/wp\/v2\/comments?post=631"}],"version-history":[{"count":46,"href":"https:\/\/terangaglobaltours.com\/index.php\/wp-json\/wp\/v2\/pages\/631\/revisions"}],"predecessor-version":[{"id":2030,"href":"https:\/\/terangaglobaltours.com\/index.php\/wp-json\/wp\/v2\/pages\/631\/revisions\/2030"}],"wp:attachment":[{"href":"https:\/\/terangaglobaltours.com\/index.php\/wp-json\/wp\/v2\/media?parent=631"}],"curies":[{"name":"wp","href":"https:\/\/api.w.org\/{rel}","templated":true}]}}