{"id":634,"date":"2022-09-14T20:09:37","date_gmt":"2022-09-14T20:09:37","guid":{"rendered":"https:\/\/terangaglobaltours.com\/?page_id=634"},"modified":"2022-10-02T22:39:13","modified_gmt":"2022-10-02T22:39:13","slug":"a-propos","status":"publish","type":"page","link":"https:\/\/terangaglobaltours.com\/index.php\/a-propos\/","title":{"rendered":"A propos"},"content":{"rendered":"\t\t<div data-elementor-type=\"wp-page\" data-elementor-id=\"634\" class=\"elementor elementor-634\">\n\t\t\t\t\t\t<section class=\"elementor-section elementor-top-section elementor-element elementor-element-75a1cc88 elementor-section-height-min-height elementor-section-boxed elementor-section-height-default elementor-section-items-middle\" data-id=\"75a1cc88\" data-element_type=\"section\" data-e-type=\"section\" data-settings=\"{&quot;background_background&quot;:&quot;classic&quot;,&quot;shape_divider_bottom&quot;:&quot;opacity-tilt&quot;}\">\n\t\t\t\t\t\t\t<div class=\"elementor-background-overlay\"><\/div>\n\t\t\t\t\t\t<div class=\"elementor-shape elementor-shape-bottom\" aria-hidden=\"true\" data-negative=\"false\">\n\t\t\t<svg xmlns=\"http:\/\/www.w3.org\/2000\/svg\" viewBox=\"0 0 2600 131.1\" preserveAspectRatio=\"none\">\n\t<path class=\"elementor-shape-fill\" d=\"M0 0L2600 0 2600 69.1 0 0z\"\/>\n\t<path class=\"elementor-shape-fill\" style=\"opacity:0.5\" d=\"M0 0L2600 0 2600 69.1 0 69.1z\"\/>\n\t<path class=\"elementor-shape-fill\" style=\"opacity:0.25\" d=\"M2600 0L0 0 0 130.1 2600 69.1z\"\/>\n<\/svg>\t\t<\/div>\n\t\t\t\t\t<div class=\"elementor-container elementor-column-gap-no\">\n\t\t\t\t\t<div class=\"elementor-column elementor-col-100 elementor-top-column elementor-element elementor-element-7825df59\" data-id=\"7825df59\" data-element_type=\"column\" data-e-type=\"column\">\n\t\t\t<div class=\"elementor-widget-wrap elementor-element-populated\">\n\t\t\t\t\t\t<div class=\"elementor-element elementor-element-659e2b2e elementor-widget elementor-widget-heading\" data-id=\"659e2b2e\" data-element_type=\"widget\" data-e-type=\"widget\" data-widget_type=\"heading.default\">\n\t\t\t\t<div class=\"elementor-widget-container\">\n\t\t\t\t\t<h1 class=\"elementor-heading-title elementor-size-default\">Qui sommes-nous ?<\/h1>\t\t\t\t<\/div>\n\t\t\t\t<\/div>\n\t\t\t\t<div class=\"elementor-element elementor-element-16e570df elementor-widget-divider--separator-type-pattern elementor-widget-divider--no-spacing elementor-widget-divider--view-line elementor-widget elementor-widget-divider\" data-id=\"16e570df\" data-element_type=\"widget\" data-e-type=\"widget\" data-widget_type=\"divider.default\">\n\t\t\t\t<div class=\"elementor-widget-container\">\n\t\t\t\t\t\t\t<div class=\"elementor-divider\" style=\"--divider-pattern-url: url(&quot;data:image\/svg+xml,%3Csvg xmlns=&#039;http:\/\/www.w3.org\/2000\/svg&#039; preserveAspectRatio=&#039;xMidYMid meet&#039; overflow=&#039;visible&#039; height=&#039;100%&#039; viewBox=&#039;0 0 126 26&#039; fill=&#039;black&#039; stroke=&#039;none&#039;%3E%3Cpath d=&#039;M10.7,6l2.5,2.6l-4,4.3l4,5.4l-2.5,1.9l-4.5-5.2l-3.9,4.2L0.7,17L4,13.1L0,8.6l2.3-1.3l3.9,3.9L10.7,6z M23.9,6.6l4.2,4.5L32,7.2l2.3,1.3l-4,4.5l3.2,3.9L32,19.1l-3.9-3.3l-4.5,4.3l-2.5-1.9l4.4-5.1l-4.2-3.9L23.9,6.6zM73.5,6L76,8.6l-4,4.3l4,5.4l-2.5,1.9l-4.5-5.2l-3.9,4.2L63.5,17l4.1-4.7L63.5,8l2.3-1.3l4.1,3.6L73.5,6z M94,6l2.5,2.6l-4,4.3l4,5.4L94,20.1l-3.9-5l-3.9,4.2L84,17l3.2-3.9L84,8.6l2.3-1.3l3.2,3.9L94,6z M106.9,6l4.5,5.1l3.9-3.9l2.3,1.3l-4,4.5l3.2,3.9l-1.6,2.1l-3.9-4.2l-4.5,5.2l-2.5-1.9l4-5.4l-4-4.3L106.9,6z M53.1,6l2.5,2.6l-4,4.3l4,4.6l-2.5,1.9l-4.5-4.5l-3.5,4.5L43.1,17l3.2-3.9l-4-4.5l2.3-1.3l3.9,3.9L53.1,6z&#039;\/%3E%3C\/svg%3E&quot;);\">\n\t\t\t<span class=\"elementor-divider-separator\">\n\t\t\t\t\t\t<\/span>\n\t\t<\/div>\n\t\t\t\t\t\t<\/div>\n\t\t\t\t<\/div>\n\t\t\t\t<div class=\"elementor-element elementor-element-2536073c elementor-widget elementor-widget-spacer\" data-id=\"2536073c\" data-element_type=\"widget\" data-e-type=\"widget\" data-widget_type=\"spacer.default\">\n\t\t\t\t<div class=\"elementor-widget-container\">\n\t\t\t\t\t\t\t<div class=\"elementor-spacer\">\n\t\t\t<div class=\"elementor-spacer-inner\"><\/div>\n\t\t<\/div>\n\t\t\t\t\t\t<\/div>\n\t\t\t\t<\/div>\n\t\t\t\t<div class=\"elementor-element elementor-element-66d6b2e6 elementor-widget elementor-widget-spacer\" data-id=\"66d6b2e6\" data-element_type=\"widget\" data-e-type=\"widget\" data-widget_type=\"spacer.default\">\n\t\t\t\t<div class=\"elementor-widget-container\">\n\t\t\t\t\t\t\t<div class=\"elementor-spacer\">\n\t\t\t<div class=\"elementor-spacer-inner\"><\/div>\n\t\t<\/div>\n\t\t\t\t\t\t<\/div>\n\t\t\t\t<\/div>\n\t\t\t\t\t<\/div>\n\t\t<\/div>\n\t\t\t\t\t<\/div>\n\t\t<\/section>\n\t\t\t\t<section class=\"elementor-section elementor-top-section elementor-element elementor-element-ad6e3b0 elementor-section-boxed elementor-section-height-default elementor-section-height-default\" data-id=\"ad6e3b0\" data-element_type=\"section\" data-e-type=\"section\" data-settings=\"{&quot;background_background&quot;:&quot;classic&quot;}\">\n\t\t\t\t\t\t<div class=\"elementor-container elementor-column-gap-default\">\n\t\t\t\t\t<div class=\"elementor-column elementor-col-100 elementor-top-column elementor-element elementor-element-c07ff3b\" data-id=\"c07ff3b\" data-element_type=\"column\" data-e-type=\"column\">\n\t\t\t<div class=\"elementor-widget-wrap elementor-element-populated\">\n\t\t\t\t\t\t<section class=\"elementor-section elementor-inner-section elementor-element elementor-element-be7a9f6 elementor-section-full_width elementor-section-height-default elementor-section-height-default\" data-id=\"be7a9f6\" data-element_type=\"section\" data-e-type=\"section\" data-settings=\"{&quot;background_background&quot;:&quot;classic&quot;}\">\n\t\t\t\t\t\t<div class=\"elementor-container elementor-column-gap-default\">\n\t\t\t\t\t<div class=\"elementor-column elementor-col-100 elementor-inner-column elementor-element elementor-element-e175780\" data-id=\"e175780\" data-element_type=\"column\" data-e-type=\"column\">\n\t\t\t<div class=\"elementor-widget-wrap elementor-element-populated\">\n\t\t\t\t\t\t<div class=\"elementor-element elementor-element-3fa15a0 elementor-widget elementor-widget-text-editor\" data-id=\"3fa15a0\" data-element_type=\"widget\" data-e-type=\"widget\" data-widget_type=\"text-editor.default\">\n\t\t\t\t<div class=\"elementor-widget-container\">\n\t\t\t\t\t\t\t\t\t<p>Nous savons que vous ne manquez ni d\u2019offres int\u00e9ressantes, ni de services sur-mesure. Nous savons aussi que vous \u00eates habitu\u00e9s \u00e0 pouvoir tout choisir, \u00e0 tout moment, depuis chez vous. Et que l\u2019agence de voyages, c\u2019est un peu contraignant ou ce n\u2019est juste pas vraiment vous. Alors, parce que nous ne voyageons plus aujourd\u2019hui comme avant, <strong>Teranga Global Tours<\/strong> se r\u00e9invente et cr\u00e9e un service pour les nouveaux Voyageurs. Un service qui ne va pas essayer de vous vendre \u00e0 tout prix une destination ou une solution miracle. Mais qui va relever un d\u00e9fi presque r\u00e9volutionnaire dans le monde du voyage : vous \u00eatre utile. Tout simplement. Pour qu\u2019\u00e0 tout moment vous puissiez avoir le conseil, l\u2019offre ou les informations qui vous permettront de cr\u00e9er, recr\u00e9er, r\u00e9server et mieux vivre tous vos voyages.<br \/><strong><br \/>Nos comp\u00e9tences :\u00a0<\/strong><\/p><p>&#8211; La vente de voyages organis\u00e9s ou sur-mesure pour des particuliers et des groupes<br \/>&#8211; La gestion des d\u00e9placements professionnels d&rsquo;entreprises<br \/>&#8211; La r\u00e9servation et vente de tous billets de transports : air, terre, mer\u00a0<br \/>&#8211; Les locations d&rsquo;appartements \u00e0 l&rsquo;\u00e9tranger\u00a0<br \/>&#8211; Les circuits\u00a0<br \/>&#8211; Les locations de voitures<br \/>&#8211; la r\u00e9servation d&rsquo;h\u00f4tels<br \/>&#8211; Les formalit\u00e9s de demandes de visas<br \/>&#8211; La vente de billets<\/p><p><strong>Notre m\u00e9tier : vous \u00eatre utile, tout simplement !<\/strong><\/p><p>&#8211; Vous surprendre en r\u00e9v\u00e9lant les voyages qui vous ressemblent.<br \/>&#8211; Prendre le temps de vous \u00e9couter et vous apporter gr\u00e2ce \u00e0 nos connaissances et notre passion, les meilleurs conseils pour r\u00e9ussir vos vacances.<br \/>&#8211;\u00a0Personnaliser, \u00e9tudier le budget dont vous disposez afin de vous proposer le voyage id\u00e9al au meilleur rapport qualit\u00e9\/prix.\u00a0<br \/>&#8211; Vous accompagner avant,\u00a0pendant et apr\u00e8s votre voyage.<\/p><p>Nos circuits sont ouverts aux voyageurs de tous \u00e2ges car nous les adaptons aux besoins ou aux envies de chacun : Envie de culture, d\u2019aventure douce, de VTT ou de trekkings? Envie de dormir \u00e0 la belle \u00e9toile sur les berges des fleuves? Envie de d\u00e9couvrir des auberges de charmes, endroits uniques m\u00ealant confort, architecture et d\u00e9coration artisanale locale ou dans des h\u00f4tels de luxe? Vous aurez le choix entre vacances farniente en bord de mer, excursions dans le d\u00e9sert au c\u0153ur des dunes immenses, promenades en dromadaires, \u00e9vasion hors des sentiers battus, sans oublier les belles balades en 4X4, quad ou dromadaire<\/p><p>Choisir <strong>Teranga Global Tours<\/strong>, c\u2019est opter pour le s\u00e9rieux de l\u2019organisation, l\u2019imagination et la cr\u00e9ativit\u00e9 de notre personnel qui mettra tout en \u0153uvre pour que votre s\u00e9jour soit un souvenir merveilleux qui ne vous donnera qu\u2019une seule envie : revenir au Senegal.<\/p>\t\t\t\t\t\t\t\t<\/div>\n\t\t\t\t<\/div>\n\t\t\t\t\t<\/div>\n\t\t<\/div>\n\t\t\t\t\t<\/div>\n\t\t<\/section>\n\t\t\t\t\t<\/div>\n\t\t<\/div>\n\t\t\t\t\t<\/div>\n\t\t<\/section>\n\t\t\t\t<\/div>\n\t\t","protected":false},"excerpt":{"rendered":"<p>Qui sommes-nous ? Nous savons que vous ne manquez ni d\u2019offres int\u00e9ressantes, ni de services sur-mesure. Nous savons aussi que vous \u00eates habitu\u00e9s \u00e0 pouvoir tout choisir, \u00e0 tout moment, depuis chez vous. Et que l\u2019agence de voyages, c\u2019est un peu contraignant ou ce n\u2019est juste pas vraiment vous. Alors, parce que nous ne voyageons [&hellip;]<\/p>\n","protected":false},"author":1,"featured_media":0,"parent":0,"menu_order":0,"comment_status":"closed","ping_status":"closed","template":"","meta":{"footnotes":""},"class_list":["post-634","page","type-page","status-publish","hentry","entry"],"_links":{"self":[{"href":"https:\/\/terangaglobaltours.com\/index.php\/wp-json\/wp\/v2\/pages\/634","targetHints":{"allow":["GET"]}}],"collection":[{"href":"https:\/\/terangaglobaltours.com\/index.php\/wp-json\/wp\/v2\/pages"}],"about":[{"href":"https:\/\/terangaglobaltours.com\/index.php\/wp-json\/wp\/v2\/types\/page"}],"author":[{"embeddable":true,"href":"https:\/\/terangaglobaltours.com\/index.php\/wp-json\/wp\/v2\/users\/1"}],"replies":[{"embeddable":true,"href":"https:\/\/terangaglobaltours.com\/index.php\/wp-json\/wp\/v2\/comments?post=634"}],"version-history":[{"count":60,"href":"https:\/\/terangaglobaltours.com\/index.php\/wp-json\/wp\/v2\/pages\/634\/revisions"}],"predecessor-version":[{"id":2008,"href":"https:\/\/terangaglobaltours.com\/index.php\/wp-json\/wp\/v2\/pages\/634\/revisions\/2008"}],"wp:attachment":[{"href":"https:\/\/terangaglobaltours.com\/index.php\/wp-json\/wp\/v2\/media?parent=634"}],"curies":[{"name":"wp","href":"https:\/\/api.w.org\/{rel}","templated":true}]}}